{"id":2699,"date":"2023-11-10T11:07:22","date_gmt":"2023-11-10T10:07:22","guid":{"rendered":"http:\/\/kaio-experiences.com\/?page_id=2699"},"modified":"2023-11-10T11:07:23","modified_gmt":"2023-11-10T10:07:23","slug":"la-communication-satellite","status":"publish","type":"page","link":"https:\/\/kaio-experiences.com\/index.php\/la-communication-satellite\/","title":{"rendered":"La communication satellite"},"content":{"rendered":"\n<p class=\"has-text-align-center has-medium-font-size\"><strong>IEC t\u00e9l\u00e9com, partenaire de notre exp\u00e9dition dans le Yukon au Canada en juin et juillet 2023.<\/strong><\/p>\n\n\n\n<div class=\"wp-block-columns is-layout-flex wp-container-core-columns-is-layout-9d6595d7 wp-block-columns-is-layout-flex\">\n<div class=\"wp-block-column is-layout-flow wp-block-column-is-layout-flow\">\n<figure class=\"wp-block-gallery aligncenter columns-1 is-cropped wp-block-gallery-1 is-layout-flex wp-block-gallery-is-layout-flex\"><ul class=\"blocks-gallery-grid\"><li class=\"blocks-gallery-item\"><figure><img loading=\"lazy\" decoding=\"async\" width=\"1024\" height=\"536\" src=\"https:\/\/kaio-experiences.com\/wp-content\/uploads\/2023\/11\/IEC_Telecom_Logo-2-1024x536.jpg\" alt=\"\" data-id=\"2712\" data-full-url=\"https:\/\/kaio-experiences.com\/wp-content\/uploads\/2023\/11\/IEC_Telecom_Logo-2.jpg\" data-link=\"https:\/\/kaio-experiences.com\/?attachment_id=2712\" class=\"wp-image-2712\" srcset=\"https:\/\/kaio-experiences.com\/wp-content\/uploads\/2023\/11\/IEC_Telecom_Logo-2-1024x536.jpg 1024w, https:\/\/kaio-experiences.com\/wp-content\/uploads\/2023\/11\/IEC_Telecom_Logo-2-300x157.jpg 300w, https:\/\/kaio-experiences.com\/wp-content\/uploads\/2023\/11\/IEC_Telecom_Logo-2-768x402.jpg 768w, https:\/\/kaio-experiences.com\/wp-content\/uploads\/2023\/11\/IEC_Telecom_Logo-2.jpg 1500w\" sizes=\"auto, (max-width: 1024px) 100vw, 1024px\" \/><\/figure><\/li><\/ul><\/figure>\n<\/div>\n<\/div>\n\n\n\n<p class=\"has-text-align-center has-medium-font-size\"><strong>Partez en exp\u00e9dition en toute s\u00e9curit\u00e9 gr\u00e2ce aux communications par satellite d\u2019IEC<br>Telecom !<\/strong><\/p>\n\n\n\n<p><\/p>\n\n\n\n<p class=\"has-text-align-center\"><br>D\u00e9couvrez comment cette technologie r\u00e9volutionnaire peut transformer vos exp\u00e9ditions en<br>garantissant votre s\u00e9curit\u00e9, que ce soit en pleine mer, au c\u0153ur des d\u00e9serts arides ou dans<br>les zones les plus \u00e9loign\u00e9es de notre plan\u00e8te.<br>En exp\u00e9dition, la s\u00e9curit\u00e9 demeure notre priorit\u00e9 absolue, et c&rsquo;est dans ce contexte que les<br>communications par satellite se r\u00e9v\u00e8lent indispensables. Allant au-del\u00e0 de leur aspect<br>pratique, elles repr\u00e9sentent un imp\u00e9ratif de s\u00e9curit\u00e9 crucial, notamment dans des<br>environnements o\u00f9 les r\u00e9seaux terrestres sont d\u00e9faillants ou inexistants. Vous vous<br>interrogez sur la mani\u00e8re dont cette technologie peut v\u00e9ritablement am\u00e9liorer votre<br>s\u00e9curit\u00e9 en exp\u00e9ditions ? D\u00e9couvrez sans plus attendre les d\u00e9tails de la fa\u00e7on dont la<br>connectivit\u00e9 satellite assure une protection vitale pour les explorateurs \u00e9quip\u00e9s.<\/p>\n\n\n\n<p><\/p>\n\n\n\n<p class=\"has-text-align-center has-medium-font-size\"><br><strong>Pour commencer, qu&rsquo;est-ce que les t\u00e9l\u00e9communications par satellite ?<\/strong><\/p>\n\n\n\n<p><\/p>\n\n\n\n<p class=\"has-text-align-center\"><br>Les t\u00e9l\u00e9communications par satellite, souvent d\u00e9sign\u00e9es par l&rsquo;acronyme SATCOM, sont des<br>syst\u00e8mes de communications qui utilisent des satellites en orbite terrestre pour faciliter la<br>transmission de signaux audio, vid\u00e9o et de donn\u00e9es entre des points distants sur la Terre ou<br>en mer.<br>Maintenant, voyons comment fonctionnent ces fameuses SATCOM.<br>Les \u00e9quipements de t\u00e9l\u00e9communications par satellite (antennes, modems et t\u00e9l\u00e9phones)<br>exploitent des constellations de satellites en orbite autour de la terre. Ces satellites agissent<br>comme des relais, recevant les signaux \u00e9mis depuis la Terre, puis les retransmettant vers<br>d&rsquo;autres points d&rsquo;\u00e9mission ou de r\u00e9ception. Cela permet d&rsquo;assurer des transmissions de<br>signaux (voix ou data) vers vos appareils, tels que les t\u00e9l\u00e9phones, les tablettes et les<br>ordinateurs, \u00e9tablissant ainsi un lien vital avec le monde ext\u00e9rieur. Ces syst\u00e8mes sont<br>con\u00e7us pour surmonter les limitations des r\u00e9seaux terrestres, offrant une connectivit\u00e9 fiable<br>m\u00eame dans des environnements \u00e9loign\u00e9s ou difficiles d&rsquo;acc\u00e8s.<\/p>\n\n\n\n<figure class=\"wp-block-gallery columns-2 is-cropped wp-block-gallery-2 is-layout-flex wp-block-gallery-is-layout-flex\"><ul class=\"blocks-gallery-grid\"><li class=\"blocks-gallery-item\"><figure><img loading=\"lazy\" decoding=\"async\" width=\"1024\" height=\"683\" src=\"https:\/\/kaio-experiences.com\/wp-content\/uploads\/2023\/11\/USA_0050-1024x683.jpg\" alt=\"\" data-id=\"2706\" data-full-url=\"https:\/\/kaio-experiences.com\/wp-content\/uploads\/2023\/11\/USA_0050-scaled.jpg\" data-link=\"https:\/\/kaio-experiences.com\/?attachment_id=2706\" class=\"wp-image-2706\" srcset=\"https:\/\/kaio-experiences.com\/wp-content\/uploads\/2023\/11\/USA_0050-1024x683.jpg 1024w, https:\/\/kaio-experiences.com\/wp-content\/uploads\/2023\/11\/USA_0050-300x200.jpg 300w, https:\/\/kaio-experiences.com\/wp-content\/uploads\/2023\/11\/USA_0050-768x512.jpg 768w, https:\/\/kaio-experiences.com\/wp-content\/uploads\/2023\/11\/USA_0050-1536x1024.jpg 1536w, https:\/\/kaio-experiences.com\/wp-content\/uploads\/2023\/11\/USA_0050-2048x1365.jpg 2048w\" sizes=\"auto, (max-width: 1024px) 100vw, 1024px\" \/><\/figure><\/li><li class=\"blocks-gallery-item\"><figure><img loading=\"lazy\" decoding=\"async\" width=\"1024\" height=\"683\" src=\"https:\/\/kaio-experiences.com\/wp-content\/uploads\/2023\/11\/USA_0052-1024x683.jpg\" alt=\"\" data-id=\"2707\" data-full-url=\"https:\/\/kaio-experiences.com\/wp-content\/uploads\/2023\/11\/USA_0052-scaled.jpg\" data-link=\"https:\/\/kaio-experiences.com\/?attachment_id=2707\" class=\"wp-image-2707\" srcset=\"https:\/\/kaio-experiences.com\/wp-content\/uploads\/2023\/11\/USA_0052-1024x683.jpg 1024w, https:\/\/kaio-experiences.com\/wp-content\/uploads\/2023\/11\/USA_0052-300x200.jpg 300w, https:\/\/kaio-experiences.com\/wp-content\/uploads\/2023\/11\/USA_0052-768x512.jpg 768w, https:\/\/kaio-experiences.com\/wp-content\/uploads\/2023\/11\/USA_0052-1536x1024.jpg 1536w, https:\/\/kaio-experiences.com\/wp-content\/uploads\/2023\/11\/USA_0052-2048x1365.jpg 2048w\" sizes=\"auto, (max-width: 1024px) 100vw, 1024px\" \/><\/figure><\/li><\/ul><\/figure>\n\n\n\n<p class=\"has-text-align-center has-medium-font-size\"><br><strong>Concr\u00e8tement comment les communications satellites peuvent s\u00e9curiser vos exp\u00e9ditions ?<\/strong><\/p>\n\n\n\n<p><\/p>\n\n\n\n<p class=\"has-text-align-center\"><strong><em>1 &#8211; Pr\u00e9venir les secours instantan\u00e9ment :<\/em><\/strong><\/p>\n\n\n\n<p class=\"has-text-align-center\"><br>Avec un t\u00e9l\u00e9phone satellite ou tout autre \u00e9quipement de t\u00e9l\u00e9communications satellite,<br>demandez rapidement de l&rsquo;aide, d\u00e9clenchant une r\u00e9ponse imm\u00e9diate en cas d&rsquo;urgence. Les<br>\u00e9quipes de secours, pr\u00e9venues instantan\u00e9ment, peuvent d\u00e9ployer leur dispositif sans<br>attendre et agir imm\u00e9diatement pour vous apporter l&rsquo;assistance n\u00e9cessaire. Cette garantie<br>est d&rsquo;une valeur inestimable lorsque chaque minute compte, que ce soit en cas d&rsquo;accident,<br>de blessure, ou dans toute situation dangereuse n\u00e9cessitant une aide d&rsquo;urgence.<\/p>\n\n\n\n<p><\/p>\n\n\n\n<p class=\"has-text-align-center\"><strong><em>2 &#8211; Localisation pr\u00e9cise pour un secours rapide :<\/em><\/strong><\/p>\n\n\n\n<p class=\"has-text-align-center\">Avec les t\u00e9l\u00e9communications par satellite, vous pouvez indiquer pr\u00e9cis\u00e9ment o\u00f9 vous \u00eates<br>aux \u00e9quipes de secours. En fournissant ces informations claires, vous facilitez leur<br>intervention, assurant une aide rapide, que vous soyez en montagne, en mer, ou ailleurs.<br>Cette fonctionnalit\u00e9 garantit non seulement une localisation rapide, mais aussi une<br>meilleure organisation des op\u00e9rations de sauvetage.<\/p>\n\n\n\n<p><\/p>\n\n\n\n<p class=\"has-text-align-center\"><strong><em>3 &#8211; S\u00e9curit\u00e9 et sant\u00e9 connect\u00e9es :<\/em><\/strong><\/p>\n\n\n\n<p class=\"has-text-align-center\"><br>Les communications satellites simplifient et acc\u00e9l\u00e8rent l&rsquo;acc\u00e8s \u00e0 des informations cruciales<br>en temps r\u00e9el, comme la m\u00e9t\u00e9o par exemple. O\u00f9 que vous soyez, ces dispositifs vous aident<br>\u00e0 prendre des d\u00e9cisions \u00e9clair\u00e9es pour garantir votre s\u00e9curit\u00e9.<br>Les SATCOM vont au-del\u00e0 de la m\u00e9t\u00e9o, \u00e9largissant votre acc\u00e8s \u00e0 des services innovants tels<br>que la t\u00e9l\u00e9m\u00e9decine. En cas de blessure ou de probl\u00e8me de sant\u00e9, m\u00eame dans des zones<br>\u00e9loign\u00e9es, ces dispositifs facilitent la communication avec des professionnels de la sant\u00e9,<br>assurant une assistance qualifi\u00e9e et rapide. Les m\u00e9decins peuvent utiliser les donn\u00e9es du<br>patient transmises par les \u00e9quipements connect\u00e9s pour apporter une assistance adapt\u00e9e,<br>offrant une r\u00e9ponse optimale en cas d&rsquo;urgence. Les SATCOM deviennent ainsi un alli\u00e9<br>essentiel pour la s\u00e9curit\u00e9 et la sant\u00e9, o\u00f9 que vous soyez.<\/p>\n\n\n\n<p><\/p>\n\n\n\n<p class=\"has-text-align-center\"><strong><em>4 &#8211; Communication continue :<\/em><\/strong><\/p>\n\n\n\n<p class=\"has-text-align-center\"><br>Les communications par satellite permettent des \u00e9changes r\u00e9guliers avec votre entourage<br>professionnel ou personnel, les tenant inform\u00e9s de votre avanc\u00e9e et assurant une<br>tranquillit\u00e9 d&rsquo;esprit mutuelle. En cas d&rsquo;accident o\u00f9 vous seriez dans l&rsquo;incapacit\u00e9 de donner<br>l&rsquo;alerte, ces dispositifs offrent une s\u00e9curit\u00e9 suppl\u00e9mentaire. Si vos proches n&rsquo;ont plus de<br>nouvelles et ne parviennent pas \u00e0 vous joindre, ils ont la possibilit\u00e9 de donner l&rsquo;alerte et<br>d&rsquo;envoyer des secours.<\/p>\n\n\n\n<figure class=\"wp-block-gallery columns-2 is-cropped wp-block-gallery-3 is-layout-flex wp-block-gallery-is-layout-flex\"><ul class=\"blocks-gallery-grid\"><li class=\"blocks-gallery-item\"><figure><img loading=\"lazy\" decoding=\"async\" width=\"1024\" height=\"683\" src=\"https:\/\/kaio-experiences.com\/wp-content\/uploads\/2023\/11\/USA_0049-1024x683.jpg\" alt=\"\" data-id=\"2714\" data-full-url=\"https:\/\/kaio-experiences.com\/wp-content\/uploads\/2023\/11\/USA_0049-scaled.jpg\" data-link=\"https:\/\/kaio-experiences.com\/?attachment_id=2714\" class=\"wp-image-2714\" srcset=\"https:\/\/kaio-experiences.com\/wp-content\/uploads\/2023\/11\/USA_0049-1024x683.jpg 1024w, https:\/\/kaio-experiences.com\/wp-content\/uploads\/2023\/11\/USA_0049-300x200.jpg 300w, https:\/\/kaio-experiences.com\/wp-content\/uploads\/2023\/11\/USA_0049-768x512.jpg 768w, https:\/\/kaio-experiences.com\/wp-content\/uploads\/2023\/11\/USA_0049-1536x1024.jpg 1536w, https:\/\/kaio-experiences.com\/wp-content\/uploads\/2023\/11\/USA_0049-2048x1365.jpg 2048w\" sizes=\"auto, (max-width: 1024px) 100vw, 1024px\" \/><\/figure><\/li><li class=\"blocks-gallery-item\"><figure><img loading=\"lazy\" decoding=\"async\" width=\"1024\" height=\"683\" src=\"https:\/\/kaio-experiences.com\/wp-content\/uploads\/2023\/11\/USA_0058-3-1024x683.jpg\" alt=\"\" data-id=\"2715\" data-full-url=\"https:\/\/kaio-experiences.com\/wp-content\/uploads\/2023\/11\/USA_0058-3-scaled.jpg\" data-link=\"https:\/\/kaio-experiences.com\/?attachment_id=2715\" class=\"wp-image-2715\" srcset=\"https:\/\/kaio-experiences.com\/wp-content\/uploads\/2023\/11\/USA_0058-3-1024x683.jpg 1024w, https:\/\/kaio-experiences.com\/wp-content\/uploads\/2023\/11\/USA_0058-3-300x200.jpg 300w, https:\/\/kaio-experiences.com\/wp-content\/uploads\/2023\/11\/USA_0058-3-768x512.jpg 768w, https:\/\/kaio-experiences.com\/wp-content\/uploads\/2023\/11\/USA_0058-3-1536x1024.jpg 1536w, https:\/\/kaio-experiences.com\/wp-content\/uploads\/2023\/11\/USA_0058-3-2048x1365.jpg 2048w\" sizes=\"auto, (max-width: 1024px) 100vw, 1024px\" \/><\/figure><\/li><\/ul><\/figure>\n\n\n\n<p class=\"has-text-align-center\"><br><strong><em>Comment choisir son \u00e9quipement de t\u00e9l\u00e9communications satellites ?<\/em><\/strong><\/p>\n\n\n\n<p class=\"has-text-align-center\"><br>Lorsque vous choisissez un \u00e9quipement de t\u00e9l\u00e9communications par satellite, prenez en<br>compte vos besoins sp\u00e9cifiques en mati\u00e8re de s\u00e9curit\u00e9. Vous pouvez opter pour des<br>dispositifs r\u00e9sistants \u00e0 l&rsquo;eau, \u00e0 la poussi\u00e8re, aux chocs et aux temp\u00e9ratures extr\u00eames, en<br>fonction des r\u00e9gions que vous pr\u00e9voyez d&rsquo;explorer. Anticipez vos besoins, car ces<br>\u00e9quipements ont une longue dur\u00e9e de vie et peuvent vous accompagner pour de<br>nombreuses exp\u00e9ditions.<br>Lorsqu&rsquo;il s&rsquo;agit de choisir un op\u00e9rateur satellite, assurez-vous de s\u00e9lectionner celui qui offre<br>la meilleure couverture pour les zones que vous comptez explorer. Que vous choisissiez des<br>satellites en orbite terrestre basse (LEO) pour des communications en temps r\u00e9el ou des<br>satellites en orbite g\u00e9ostationnaire (GEO) pour une couverture \u00e9tendue, assurez-vous que<br>votre choix vous garantisse une connexion s\u00e9curis\u00e9e, quel que soit l&rsquo;endroit o\u00f9 vous vous<br>trouvez.<\/p>\n\n\n\n<p><\/p>\n\n\n\n<p class=\"has-text-align-center\">Vous voil\u00e0 maintenant bien inform\u00e9 sur les t\u00e9l\u00e9communications par satellite, votre alli\u00e9<br>essentiel pour une exp\u00e9dition s\u00e9curis\u00e9e.<\/p>\n\n\n\n<p class=\"has-text-align-center\">Pour approfondir vos connaissances et d\u00e9couvrir les \u00e9quipements d&rsquo;IEC Telecom,<\/p>\n\n\n\n<p class=\"has-text-align-center has-luminous-vivid-amber-color has-text-color\">rendez-vous sur<strong> <a href=\"http:\/\/www.satavenue.com\">www.satavenue.com<\/a><\/strong> (pour les particuliers)<\/p>\n\n\n\n<p class=\"has-text-align-center has-luminous-vivid-amber-color has-text-color\">et <strong><a href=\"http:\/\/www.iec-telecom.eu\">www.iec-telecom.eu<\/a><\/strong> (pour les professionnels et les aventuriers chevronn\u00e9s).<\/p>\n\n\n\n<p class=\"has-text-align-center\"><br>Avec ces ressources \u00e0 port\u00e9e de main, nous vous souhaitons des aventures m\u00e9morables en<br>toute s\u00e9curit\u00e9 !<\/p>\n","protected":false},"excerpt":{"rendered":"<p>IEC t\u00e9l\u00e9com, partenaire de notre exp\u00e9dition dans le Yukon au Canada en juin et juillet 2023. Partez en exp\u00e9dition en toute s\u00e9curit\u00e9 gr\u00e2ce aux communications par satellite d\u2019IECTelecom ! D\u00e9couvrez comment cette technologie r\u00e9volutionnaire peut transformer vos exp\u00e9ditions engarantissant votre s\u00e9curit\u00e9, que ce soit en pleine mer, au c\u0153ur des d\u00e9serts arides ou dansles zones [&hellip;]<\/p>\n","protected":false},"author":1,"featured_media":0,"parent":0,"menu_order":0,"comment_status":"closed","ping_status":"closed","template":"","meta":{"_acf_changed":false,"footnotes":""},"class_list":["post-2699","page","type-page","status-publish","hentry"],"acf":[],"yoast_head":"<!-- This site is optimized with the Yoast SEO plugin v26.5 - https:\/\/yoast.com\/wordpress\/plugins\/seo\/ -->\n<title>La communication satellite - Kaio Experiences<\/title>\n<meta name=\"robots\" content=\"index, follow, max-snippet:-1, max-image-preview:large, max-video-preview:-1\" \/>\n<link rel=\"canonical\" href=\"https:\/\/kaio-experiences.com\/index.php\/la-communication-satellite\/\" \/>\n<meta property=\"og:locale\" content=\"fr_FR\" \/>\n<meta property=\"og:type\" content=\"article\" \/>\n<meta property=\"og:title\" content=\"La communication satellite - Kaio Experiences\" \/>\n<meta property=\"og:description\" content=\"IEC t\u00e9l\u00e9com, partenaire de notre exp\u00e9dition dans le Yukon au Canada en juin et juillet 2023. Partez en exp\u00e9dition en toute s\u00e9curit\u00e9 gr\u00e2ce aux communications par satellite d\u2019IECTelecom ! D\u00e9couvrez comment cette technologie r\u00e9volutionnaire peut transformer vos exp\u00e9ditions engarantissant votre s\u00e9curit\u00e9, que ce soit en pleine mer, au c\u0153ur des d\u00e9serts arides ou dansles zones [&hellip;]\" \/>\n<meta property=\"og:url\" content=\"https:\/\/kaio-experiences.com\/index.php\/la-communication-satellite\/\" \/>\n<meta property=\"og:site_name\" content=\"Kaio Experiences\" \/>\n<meta property=\"article:modified_time\" content=\"2023-11-10T10:07:23+00:00\" \/>\n<meta property=\"og:image\" content=\"http:\/\/kaio-experiences.com\/wp-content\/uploads\/2023\/11\/IEC_Telecom_Logo-2-1024x536.jpg\" \/>\n<meta name=\"twitter:card\" content=\"summary_large_image\" \/>\n<meta name=\"twitter:label1\" content=\"Dur\u00e9e de lecture estim\u00e9e\" \/>\n\t<meta name=\"twitter:data1\" content=\"6 minutes\" \/>\n<script type=\"application\/ld+json\" class=\"yoast-schema-graph\">{\"@context\":\"https:\/\/schema.org\",\"@graph\":[{\"@type\":\"WebPage\",\"@id\":\"https:\/\/kaio-experiences.com\/index.php\/la-communication-satellite\/\",\"url\":\"https:\/\/kaio-experiences.com\/index.php\/la-communication-satellite\/\",\"name\":\"La communication satellite - Kaio Experiences\",\"isPartOf\":{\"@id\":\"https:\/\/kaio-experiences.com\/#website\"},\"primaryImageOfPage\":{\"@id\":\"https:\/\/kaio-experiences.com\/index.php\/la-communication-satellite\/#primaryimage\"},\"image\":{\"@id\":\"https:\/\/kaio-experiences.com\/index.php\/la-communication-satellite\/#primaryimage\"},\"thumbnailUrl\":\"http:\/\/kaio-experiences.com\/wp-content\/uploads\/2023\/11\/IEC_Telecom_Logo-2-1024x536.jpg\",\"datePublished\":\"2023-11-10T10:07:22+00:00\",\"dateModified\":\"2023-11-10T10:07:23+00:00\",\"breadcrumb\":{\"@id\":\"https:\/\/kaio-experiences.com\/index.php\/la-communication-satellite\/#breadcrumb\"},\"inLanguage\":\"fr-FR\",\"potentialAction\":[{\"@type\":\"ReadAction\",\"target\":[\"https:\/\/kaio-experiences.com\/index.php\/la-communication-satellite\/\"]}]},{\"@type\":\"ImageObject\",\"inLanguage\":\"fr-FR\",\"@id\":\"https:\/\/kaio-experiences.com\/index.php\/la-communication-satellite\/#primaryimage\",\"url\":\"https:\/\/kaio-experiences.com\/wp-content\/uploads\/2023\/11\/IEC_Telecom_Logo-2.jpg\",\"contentUrl\":\"https:\/\/kaio-experiences.com\/wp-content\/uploads\/2023\/11\/IEC_Telecom_Logo-2.jpg\",\"width\":1500,\"height\":785,\"caption\":\"IEC Telecom Logo\"},{\"@type\":\"BreadcrumbList\",\"@id\":\"https:\/\/kaio-experiences.com\/index.php\/la-communication-satellite\/#breadcrumb\",\"itemListElement\":[{\"@type\":\"ListItem\",\"position\":1,\"name\":\"Accueil\",\"item\":\"https:\/\/kaio-experiences.com\/\"},{\"@type\":\"ListItem\",\"position\":2,\"name\":\"La communication satellite\"}]},{\"@type\":\"WebSite\",\"@id\":\"https:\/\/kaio-experiences.com\/#website\",\"url\":\"https:\/\/kaio-experiences.com\/\",\"name\":\"Kaio Experiences\",\"description\":\"Sp\u00e9cialiste Bushcraft, Stages de survie, reconnexion nature, micro-aventure, exp\u00e9dition.\",\"potentialAction\":[{\"@type\":\"SearchAction\",\"target\":{\"@type\":\"EntryPoint\",\"urlTemplate\":\"https:\/\/kaio-experiences.com\/?s={search_term_string}\"},\"query-input\":{\"@type\":\"PropertyValueSpecification\",\"valueRequired\":true,\"valueName\":\"search_term_string\"}}],\"inLanguage\":\"fr-FR\"}]}<\/script>\n<!-- \/ Yoast SEO plugin. -->","yoast_head_json":{"title":"La communication satellite - Kaio Experiences","robots":{"index":"index","follow":"follow","max-snippet":"max-snippet:-1","max-image-preview":"max-image-preview:large","max-video-preview":"max-video-preview:-1"},"canonical":"https:\/\/kaio-experiences.com\/index.php\/la-communication-satellite\/","og_locale":"fr_FR","og_type":"article","og_title":"La communication satellite - Kaio Experiences","og_description":"IEC t\u00e9l\u00e9com, partenaire de notre exp\u00e9dition dans le Yukon au Canada en juin et juillet 2023. Partez en exp\u00e9dition en toute s\u00e9curit\u00e9 gr\u00e2ce aux communications par satellite d\u2019IECTelecom ! D\u00e9couvrez comment cette technologie r\u00e9volutionnaire peut transformer vos exp\u00e9ditions engarantissant votre s\u00e9curit\u00e9, que ce soit en pleine mer, au c\u0153ur des d\u00e9serts arides ou dansles zones [&hellip;]","og_url":"https:\/\/kaio-experiences.com\/index.php\/la-communication-satellite\/","og_site_name":"Kaio Experiences","article_modified_time":"2023-11-10T10:07:23+00:00","og_image":[{"url":"http:\/\/kaio-experiences.com\/wp-content\/uploads\/2023\/11\/IEC_Telecom_Logo-2-1024x536.jpg","type":"","width":"","height":""}],"twitter_card":"summary_large_image","twitter_misc":{"Dur\u00e9e de lecture estim\u00e9e":"6 minutes"},"schema":{"@context":"https:\/\/schema.org","@graph":[{"@type":"WebPage","@id":"https:\/\/kaio-experiences.com\/index.php\/la-communication-satellite\/","url":"https:\/\/kaio-experiences.com\/index.php\/la-communication-satellite\/","name":"La communication satellite - Kaio Experiences","isPartOf":{"@id":"https:\/\/kaio-experiences.com\/#website"},"primaryImageOfPage":{"@id":"https:\/\/kaio-experiences.com\/index.php\/la-communication-satellite\/#primaryimage"},"image":{"@id":"https:\/\/kaio-experiences.com\/index.php\/la-communication-satellite\/#primaryimage"},"thumbnailUrl":"http:\/\/kaio-experiences.com\/wp-content\/uploads\/2023\/11\/IEC_Telecom_Logo-2-1024x536.jpg","datePublished":"2023-11-10T10:07:22+00:00","dateModified":"2023-11-10T10:07:23+00:00","breadcrumb":{"@id":"https:\/\/kaio-experiences.com\/index.php\/la-communication-satellite\/#breadcrumb"},"inLanguage":"fr-FR","potentialAction":[{"@type":"ReadAction","target":["https:\/\/kaio-experiences.com\/index.php\/la-communication-satellite\/"]}]},{"@type":"ImageObject","inLanguage":"fr-FR","@id":"https:\/\/kaio-experiences.com\/index.php\/la-communication-satellite\/#primaryimage","url":"https:\/\/kaio-experiences.com\/wp-content\/uploads\/2023\/11\/IEC_Telecom_Logo-2.jpg","contentUrl":"https:\/\/kaio-experiences.com\/wp-content\/uploads\/2023\/11\/IEC_Telecom_Logo-2.jpg","width":1500,"height":785,"caption":"IEC Telecom Logo"},{"@type":"BreadcrumbList","@id":"https:\/\/kaio-experiences.com\/index.php\/la-communication-satellite\/#breadcrumb","itemListElement":[{"@type":"ListItem","position":1,"name":"Accueil","item":"https:\/\/kaio-experiences.com\/"},{"@type":"ListItem","position":2,"name":"La communication satellite"}]},{"@type":"WebSite","@id":"https:\/\/kaio-experiences.com\/#website","url":"https:\/\/kaio-experiences.com\/","name":"Kaio Experiences","description":"Sp\u00e9cialiste Bushcraft, Stages de survie, reconnexion nature, micro-aventure, exp\u00e9dition.","potentialAction":[{"@type":"SearchAction","target":{"@type":"EntryPoint","urlTemplate":"https:\/\/kaio-experiences.com\/?s={search_term_string}"},"query-input":{"@type":"PropertyValueSpecification","valueRequired":true,"valueName":"search_term_string"}}],"inLanguage":"fr-FR"}]}},"_links":{"self":[{"href":"https:\/\/kaio-experiences.com\/index.php\/wp-json\/wp\/v2\/pages\/2699","targetHints":{"allow":["GET"]}}],"collection":[{"href":"https:\/\/kaio-experiences.com\/index.php\/wp-json\/wp\/v2\/pages"}],"about":[{"href":"https:\/\/kaio-experiences.com\/index.php\/wp-json\/wp\/v2\/types\/page"}],"author":[{"embeddable":true,"href":"https:\/\/kaio-experiences.com\/index.php\/wp-json\/wp\/v2\/users\/1"}],"replies":[{"embeddable":true,"href":"https:\/\/kaio-experiences.com\/index.php\/wp-json\/wp\/v2\/comments?post=2699"}],"version-history":[{"count":8,"href":"https:\/\/kaio-experiences.com\/index.php\/wp-json\/wp\/v2\/pages\/2699\/revisions"}],"predecessor-version":[{"id":2720,"href":"https:\/\/kaio-experiences.com\/index.php\/wp-json\/wp\/v2\/pages\/2699\/revisions\/2720"}],"wp:attachment":[{"href":"https:\/\/kaio-experiences.com\/index.php\/wp-json\/wp\/v2\/media?parent=2699"}],"curies":[{"name":"wp","href":"https:\/\/api.w.org\/{rel}","templated":true}]}}