{"id":2300,"date":"2022-11-02T10:59:11","date_gmt":"2022-11-02T09:59:11","guid":{"rendered":"http:\/\/kaio-experiences.com\/?page_id=2300"},"modified":"2023-11-10T11:17:18","modified_gmt":"2023-11-10T10:17:18","slug":"blog","status":"publish","type":"page","link":"https:\/\/kaio-experiences.com\/index.php\/blog\/","title":{"rendered":"BLOG"},"content":{"rendered":"\n<div class=\"wp-block-media-text alignwide is-stacked-on-mobile\" style=\"grid-template-columns:15% auto\"><figure class=\"wp-block-media-text__media\"><a href=\"https:\/\/kaio-experiences.com\/index.php\/la-communication-satellite\/\"><img loading=\"lazy\" decoding=\"async\" width=\"812\" height=\"1024\" src=\"https:\/\/kaio-experiences.com\/wp-content\/uploads\/2023\/11\/USA_0058-2-1-812x1024.jpg\" alt=\"\" class=\"wp-image-2723 size-full\" srcset=\"https:\/\/kaio-experiences.com\/wp-content\/uploads\/2023\/11\/USA_0058-2-1-812x1024.jpg 812w, https:\/\/kaio-experiences.com\/wp-content\/uploads\/2023\/11\/USA_0058-2-1-238x300.jpg 238w, https:\/\/kaio-experiences.com\/wp-content\/uploads\/2023\/11\/USA_0058-2-1-768x968.jpg 768w, https:\/\/kaio-experiences.com\/wp-content\/uploads\/2023\/11\/USA_0058-2-1-1218x1536.jpg 1218w, https:\/\/kaio-experiences.com\/wp-content\/uploads\/2023\/11\/USA_0058-2-1-1624x2048.jpg 1624w, https:\/\/kaio-experiences.com\/wp-content\/uploads\/2023\/11\/USA_0058-2-1-scaled.jpg 2030w\" sizes=\"auto, (max-width: 812px) 100vw, 812px\" \/><\/a><\/figure><div class=\"wp-block-media-text__content\">\n<p class=\"has-normal-font-size\">LA COMMUNICATION SATELLITE<\/p>\n<\/div><\/div>\n\n\n\n<div style=\"height:21px\" aria-hidden=\"true\" class=\"wp-block-spacer\"><\/div>\n\n\n\n<div class=\"wp-block-media-text alignwide is-stacked-on-mobile\" style=\"grid-template-columns:15% auto\"><figure class=\"wp-block-media-text__media\"><a href=\"https:\/\/kaio-experiences.com\/index.php\/packraft\/\"><img loading=\"lazy\" decoding=\"async\" width=\"768\" height=\"1024\" src=\"https:\/\/kaio-experiences.com\/wp-content\/uploads\/2023\/10\/6-1-768x1024.jpg\" alt=\"\" class=\"wp-image-2691 size-full\" srcset=\"https:\/\/kaio-experiences.com\/wp-content\/uploads\/2023\/10\/6-1-768x1024.jpg 768w, https:\/\/kaio-experiences.com\/wp-content\/uploads\/2023\/10\/6-1-225x300.jpg 225w, https:\/\/kaio-experiences.com\/wp-content\/uploads\/2023\/10\/6-1-1152x1536.jpg 1152w, https:\/\/kaio-experiences.com\/wp-content\/uploads\/2023\/10\/6-1-1536x2048.jpg 1536w, https:\/\/kaio-experiences.com\/wp-content\/uploads\/2023\/10\/6-1-scaled.jpg 1920w\" sizes=\"auto, (max-width: 768px) 100vw, 768px\" \/><\/a><\/figure><div class=\"wp-block-media-text__content\">\n<p class=\"has-normal-font-size\">LE PACKRAFT EN EXP\u00c9DITION<\/p>\n<\/div><\/div>\n\n\n\n<div style=\"height:21px\" aria-hidden=\"true\" class=\"wp-block-spacer\"><\/div>\n\n\n\n<div class=\"wp-block-media-text alignwide is-stacked-on-mobile\" style=\"grid-template-columns:15% auto\"><figure class=\"wp-block-media-text__media\"><a href=\"https:\/\/kaio-experiences.com\/index.php\/mon-sac-a-dos-bushcraft\/\"><img loading=\"lazy\" decoding=\"async\" width=\"1920\" height=\"2560\" src=\"https:\/\/kaio-experiences.com\/wp-content\/uploads\/2023\/10\/15-1-scaled.jpg\" alt=\"\" class=\"wp-image-2689 size-full\" srcset=\"https:\/\/kaio-experiences.com\/wp-content\/uploads\/2023\/10\/15-1-scaled.jpg 1920w, https:\/\/kaio-experiences.com\/wp-content\/uploads\/2023\/10\/15-1-225x300.jpg 225w, https:\/\/kaio-experiences.com\/wp-content\/uploads\/2023\/10\/15-1-768x1024.jpg 768w, https:\/\/kaio-experiences.com\/wp-content\/uploads\/2023\/10\/15-1-1152x1536.jpg 1152w, https:\/\/kaio-experiences.com\/wp-content\/uploads\/2023\/10\/15-1-1536x2048.jpg 1536w\" sizes=\"auto, (max-width: 1920px) 100vw, 1920px\" \/><\/a><\/figure><div class=\"wp-block-media-text__content\">\n<p class=\"has-normal-font-size\">MON SAC \u00c0 DOS BUSHCRAFT<\/p>\n<\/div><\/div>\n\n\n\n<div style=\"height:21px\" aria-hidden=\"true\" class=\"wp-block-spacer\"><\/div>\n\n\n\n<div class=\"wp-block-media-text alignwide is-stacked-on-mobile\" style=\"grid-template-columns:15% auto\"><figure class=\"wp-block-media-text__media\"><a href=\"https:\/\/kaio-experiences.com\/index.php\/le-boulanger-des-bois\/\"><img loading=\"lazy\" decoding=\"async\" width=\"768\" height=\"1024\" src=\"https:\/\/kaio-experiences.com\/wp-content\/uploads\/2023\/10\/25-768x1024.jpeg\" alt=\"\" class=\"wp-image-2690 size-full\" srcset=\"https:\/\/kaio-experiences.com\/wp-content\/uploads\/2023\/10\/25-768x1024.jpeg 768w, https:\/\/kaio-experiences.com\/wp-content\/uploads\/2023\/10\/25-225x300.jpeg 225w, https:\/\/kaio-experiences.com\/wp-content\/uploads\/2023\/10\/25-1152x1536.jpeg 1152w, https:\/\/kaio-experiences.com\/wp-content\/uploads\/2023\/10\/25-1536x2048.jpeg 1536w, https:\/\/kaio-experiences.com\/wp-content\/uploads\/2023\/10\/25-scaled.jpeg 1920w\" sizes=\"auto, (max-width: 768px) 100vw, 768px\" \/><\/a><\/figure><div class=\"wp-block-media-text__content\">\n<p class=\"has-normal-font-size\">LE BOULANGER DES BOIS<\/p>\n<\/div><\/div>\n\n\n\n<div style=\"height:21px\" aria-hidden=\"true\" class=\"wp-block-spacer\"><\/div>\n\n\n\n<div class=\"wp-block-media-text alignwide is-stacked-on-mobile\" style=\"grid-template-columns:15% auto\"><figure class=\"wp-block-media-text__media\"><a href=\"https:\/\/kaio-experiences.com\/index.php\/fabriquer-une-torche-en-30mn\/\"><img loading=\"lazy\" decoding=\"async\" width=\"819\" height=\"1024\" src=\"https:\/\/kaio-experiences.com\/wp-content\/uploads\/2023\/10\/7-1-819x1024.jpg\" alt=\"\" class=\"wp-image-2692 size-full\" srcset=\"https:\/\/kaio-experiences.com\/wp-content\/uploads\/2023\/10\/7-1-819x1024.jpg 819w, https:\/\/kaio-experiences.com\/wp-content\/uploads\/2023\/10\/7-1-240x300.jpg 240w, https:\/\/kaio-experiences.com\/wp-content\/uploads\/2023\/10\/7-1-768x960.jpg 768w, https:\/\/kaio-experiences.com\/wp-content\/uploads\/2023\/10\/7-1-1229x1536.jpg 1229w, https:\/\/kaio-experiences.com\/wp-content\/uploads\/2023\/10\/7-1-360x450.jpg 360w, https:\/\/kaio-experiences.com\/wp-content\/uploads\/2023\/10\/7-1.jpg 1440w\" sizes=\"auto, (max-width: 819px) 100vw, 819px\" \/><\/a><\/figure><div class=\"wp-block-media-text__content\">\n<p class=\"has-normal-font-size\">FABRIQUER UNE TORCHE EN 30MN<\/p>\n<\/div><\/div>\n\n\n\n<div style=\"height:21px\" aria-hidden=\"true\" class=\"wp-block-spacer\"><\/div>\n\n\n\n<div class=\"wp-block-media-text alignwide is-stacked-on-mobile\" style=\"grid-template-columns:15% auto\"><figure class=\"wp-block-media-text__media\"><a href=\"https:\/\/kaio-experiences.com\/index.php\/le-bushcraft-a-la-mode\/\"><img loading=\"lazy\" decoding=\"async\" width=\"768\" height=\"1024\" src=\"https:\/\/kaio-experiences.com\/wp-content\/uploads\/2023\/10\/IMG_5457-2-768x1024.jpg\" alt=\"\" class=\"wp-image-2693 size-full\" srcset=\"https:\/\/kaio-experiences.com\/wp-content\/uploads\/2023\/10\/IMG_5457-2-768x1024.jpg 768w, https:\/\/kaio-experiences.com\/wp-content\/uploads\/2023\/10\/IMG_5457-2-225x300.jpg 225w, https:\/\/kaio-experiences.com\/wp-content\/uploads\/2023\/10\/IMG_5457-2-1152x1536.jpg 1152w, https:\/\/kaio-experiences.com\/wp-content\/uploads\/2023\/10\/IMG_5457-2-1536x2048.jpg 1536w, https:\/\/kaio-experiences.com\/wp-content\/uploads\/2023\/10\/IMG_5457-2-scaled.jpg 1920w\" sizes=\"auto, (max-width: 768px) 100vw, 768px\" \/><\/a><\/figure><div class=\"wp-block-media-text__content\">\n<p class=\"has-normal-font-size\">LE BUSHCRAFT \u00c0 LA MODE<\/p>\n<\/div><\/div>\n\n\n\n<p><\/p>\n","protected":false},"excerpt":{"rendered":"<p>LA COMMUNICATION SATELLITE LE PACKRAFT EN EXP\u00c9DITION MON SAC \u00c0 DOS BUSHCRAFT LE BOULANGER DES BOIS FABRIQUER UNE TORCHE EN 30MN LE BUSHCRAFT \u00c0 LA MODE<\/p>\n","protected":false},"author":1,"featured_media":0,"parent":0,"menu_order":0,"comment_status":"closed","ping_status":"closed","template":"","meta":{"_acf_changed":false,"footnotes":""},"class_list":["post-2300","page","type-page","status-publish","hentry"],"acf":[],"yoast_head":"<!-- This site is optimized with the Yoast SEO plugin v26.5 - https:\/\/yoast.com\/wordpress\/plugins\/seo\/ -->\n<title>BLOG - Kaio Experiences<\/title>\n<meta name=\"robots\" content=\"index, follow, max-snippet:-1, max-image-preview:large, max-video-preview:-1\" \/>\n<link rel=\"canonical\" href=\"https:\/\/kaio-experiences.com\/index.php\/blog\/\" \/>\n<meta property=\"og:locale\" content=\"fr_FR\" \/>\n<meta property=\"og:type\" content=\"article\" \/>\n<meta property=\"og:title\" content=\"BLOG - Kaio Experiences\" \/>\n<meta property=\"og:description\" content=\"LA COMMUNICATION SATELLITE LE PACKRAFT EN EXP\u00c9DITION MON SAC \u00c0 DOS BUSHCRAFT LE BOULANGER DES BOIS FABRIQUER UNE TORCHE EN 30MN LE BUSHCRAFT \u00c0 LA MODE\" \/>\n<meta property=\"og:url\" content=\"https:\/\/kaio-experiences.com\/index.php\/blog\/\" \/>\n<meta property=\"og:site_name\" content=\"Kaio Experiences\" \/>\n<meta property=\"article:modified_time\" content=\"2023-11-10T10:17:18+00:00\" \/>\n<meta property=\"og:image\" content=\"http:\/\/kaio-experiences.com\/wp-content\/uploads\/2023\/11\/USA_0058-2-1-812x1024.jpg\" \/>\n<meta name=\"twitter:card\" content=\"summary_large_image\" \/>\n<meta name=\"twitter:label1\" content=\"Dur\u00e9e de lecture estim\u00e9e\" \/>\n\t<meta name=\"twitter:data1\" content=\"2 minutes\" \/>\n<script type=\"application\/ld+json\" class=\"yoast-schema-graph\">{\"@context\":\"https:\/\/schema.org\",\"@graph\":[{\"@type\":\"WebPage\",\"@id\":\"https:\/\/kaio-experiences.com\/index.php\/blog\/\",\"url\":\"https:\/\/kaio-experiences.com\/index.php\/blog\/\",\"name\":\"BLOG - Kaio Experiences\",\"isPartOf\":{\"@id\":\"https:\/\/kaio-experiences.com\/#website\"},\"primaryImageOfPage\":{\"@id\":\"https:\/\/kaio-experiences.com\/index.php\/blog\/#primaryimage\"},\"image\":{\"@id\":\"https:\/\/kaio-experiences.com\/index.php\/blog\/#primaryimage\"},\"thumbnailUrl\":\"http:\/\/kaio-experiences.com\/wp-content\/uploads\/2023\/11\/USA_0058-2-1-812x1024.jpg\",\"datePublished\":\"2022-11-02T09:59:11+00:00\",\"dateModified\":\"2023-11-10T10:17:18+00:00\",\"breadcrumb\":{\"@id\":\"https:\/\/kaio-experiences.com\/index.php\/blog\/#breadcrumb\"},\"inLanguage\":\"fr-FR\",\"potentialAction\":[{\"@type\":\"ReadAction\",\"target\":[\"https:\/\/kaio-experiences.com\/index.php\/blog\/\"]}]},{\"@type\":\"ImageObject\",\"inLanguage\":\"fr-FR\",\"@id\":\"https:\/\/kaio-experiences.com\/index.php\/blog\/#primaryimage\",\"url\":\"https:\/\/kaio-experiences.com\/wp-content\/uploads\/2023\/11\/USA_0058-2-1-scaled.jpg\",\"contentUrl\":\"https:\/\/kaio-experiences.com\/wp-content\/uploads\/2023\/11\/USA_0058-2-1-scaled.jpg\",\"width\":2030,\"height\":2560},{\"@type\":\"BreadcrumbList\",\"@id\":\"https:\/\/kaio-experiences.com\/index.php\/blog\/#breadcrumb\",\"itemListElement\":[{\"@type\":\"ListItem\",\"position\":1,\"name\":\"Accueil\",\"item\":\"https:\/\/kaio-experiences.com\/\"},{\"@type\":\"ListItem\",\"position\":2,\"name\":\"BLOG\"}]},{\"@type\":\"WebSite\",\"@id\":\"https:\/\/kaio-experiences.com\/#website\",\"url\":\"https:\/\/kaio-experiences.com\/\",\"name\":\"Kaio Experiences\",\"description\":\"Sp\u00e9cialiste Bushcraft, Stages de survie, reconnexion nature, micro-aventure, exp\u00e9dition.\",\"potentialAction\":[{\"@type\":\"SearchAction\",\"target\":{\"@type\":\"EntryPoint\",\"urlTemplate\":\"https:\/\/kaio-experiences.com\/?s={search_term_string}\"},\"query-input\":{\"@type\":\"PropertyValueSpecification\",\"valueRequired\":true,\"valueName\":\"search_term_string\"}}],\"inLanguage\":\"fr-FR\"}]}<\/script>\n<!-- \/ Yoast SEO plugin. -->","yoast_head_json":{"title":"BLOG - Kaio Experiences","robots":{"index":"index","follow":"follow","max-snippet":"max-snippet:-1","max-image-preview":"max-image-preview:large","max-video-preview":"max-video-preview:-1"},"canonical":"https:\/\/kaio-experiences.com\/index.php\/blog\/","og_locale":"fr_FR","og_type":"article","og_title":"BLOG - Kaio Experiences","og_description":"LA COMMUNICATION SATELLITE LE PACKRAFT EN EXP\u00c9DITION MON SAC \u00c0 DOS BUSHCRAFT LE BOULANGER DES BOIS FABRIQUER UNE TORCHE EN 30MN LE BUSHCRAFT \u00c0 LA MODE","og_url":"https:\/\/kaio-experiences.com\/index.php\/blog\/","og_site_name":"Kaio Experiences","article_modified_time":"2023-11-10T10:17:18+00:00","og_image":[{"url":"http:\/\/kaio-experiences.com\/wp-content\/uploads\/2023\/11\/USA_0058-2-1-812x1024.jpg","type":"","width":"","height":""}],"twitter_card":"summary_large_image","twitter_misc":{"Dur\u00e9e de lecture estim\u00e9e":"2 minutes"},"schema":{"@context":"https:\/\/schema.org","@graph":[{"@type":"WebPage","@id":"https:\/\/kaio-experiences.com\/index.php\/blog\/","url":"https:\/\/kaio-experiences.com\/index.php\/blog\/","name":"BLOG - Kaio Experiences","isPartOf":{"@id":"https:\/\/kaio-experiences.com\/#website"},"primaryImageOfPage":{"@id":"https:\/\/kaio-experiences.com\/index.php\/blog\/#primaryimage"},"image":{"@id":"https:\/\/kaio-experiences.com\/index.php\/blog\/#primaryimage"},"thumbnailUrl":"http:\/\/kaio-experiences.com\/wp-content\/uploads\/2023\/11\/USA_0058-2-1-812x1024.jpg","datePublished":"2022-11-02T09:59:11+00:00","dateModified":"2023-11-10T10:17:18+00:00","breadcrumb":{"@id":"https:\/\/kaio-experiences.com\/index.php\/blog\/#breadcrumb"},"inLanguage":"fr-FR","potentialAction":[{"@type":"ReadAction","target":["https:\/\/kaio-experiences.com\/index.php\/blog\/"]}]},{"@type":"ImageObject","inLanguage":"fr-FR","@id":"https:\/\/kaio-experiences.com\/index.php\/blog\/#primaryimage","url":"https:\/\/kaio-experiences.com\/wp-content\/uploads\/2023\/11\/USA_0058-2-1-scaled.jpg","contentUrl":"https:\/\/kaio-experiences.com\/wp-content\/uploads\/2023\/11\/USA_0058-2-1-scaled.jpg","width":2030,"height":2560},{"@type":"BreadcrumbList","@id":"https:\/\/kaio-experiences.com\/index.php\/blog\/#breadcrumb","itemListElement":[{"@type":"ListItem","position":1,"name":"Accueil","item":"https:\/\/kaio-experiences.com\/"},{"@type":"ListItem","position":2,"name":"BLOG"}]},{"@type":"WebSite","@id":"https:\/\/kaio-experiences.com\/#website","url":"https:\/\/kaio-experiences.com\/","name":"Kaio Experiences","description":"Sp\u00e9cialiste Bushcraft, Stages de survie, reconnexion nature, micro-aventure, exp\u00e9dition.","potentialAction":[{"@type":"SearchAction","target":{"@type":"EntryPoint","urlTemplate":"https:\/\/kaio-experiences.com\/?s={search_term_string}"},"query-input":{"@type":"PropertyValueSpecification","valueRequired":true,"valueName":"search_term_string"}}],"inLanguage":"fr-FR"}]}},"_links":{"self":[{"href":"https:\/\/kaio-experiences.com\/index.php\/wp-json\/wp\/v2\/pages\/2300","targetHints":{"allow":["GET"]}}],"collection":[{"href":"https:\/\/kaio-experiences.com\/index.php\/wp-json\/wp\/v2\/pages"}],"about":[{"href":"https:\/\/kaio-experiences.com\/index.php\/wp-json\/wp\/v2\/types\/page"}],"author":[{"embeddable":true,"href":"https:\/\/kaio-experiences.com\/index.php\/wp-json\/wp\/v2\/users\/1"}],"replies":[{"embeddable":true,"href":"https:\/\/kaio-experiences.com\/index.php\/wp-json\/wp\/v2\/comments?post=2300"}],"version-history":[{"count":21,"href":"https:\/\/kaio-experiences.com\/index.php\/wp-json\/wp\/v2\/pages\/2300\/revisions"}],"predecessor-version":[{"id":2726,"href":"https:\/\/kaio-experiences.com\/index.php\/wp-json\/wp\/v2\/pages\/2300\/revisions\/2726"}],"wp:attachment":[{"href":"https:\/\/kaio-experiences.com\/index.php\/wp-json\/wp\/v2\/media?parent=2300"}],"curies":[{"name":"wp","href":"https:\/\/api.w.org\/{rel}","templated":true}]}}