{"id":1943,"date":"2022-01-25T11:24:48","date_gmt":"2022-01-25T10:24:48","guid":{"rendered":"http:\/\/kaiobushcraft.fr\/?page_id=1943"},"modified":"2023-09-26T11:31:47","modified_gmt":"2023-09-26T09:31:47","slug":"a-propos","status":"publish","type":"page","link":"https:\/\/kaio-experiences.com\/index.php\/a-propos\/","title":{"rendered":"Qui suis-je ?"},"content":{"rendered":"\n<p><\/p>\n\n\n\n<div style=\"height:100px\" aria-hidden=\"true\" class=\"wp-block-spacer\"><\/div>\n\n\n\n<div class=\"wp-block-media-text is-stacked-on-mobile is-vertically-aligned-center is-image-fill\" style=\"grid-template-columns:45% auto\"><figure class=\"wp-block-media-text__media\" style=\"background-image:url(https:\/\/kaio-experiences.com\/wp-content\/uploads\/2021\/12\/TEST-1024x1014.jpg);background-position:50% 50%\"><img loading=\"lazy\" decoding=\"async\" width=\"1024\" height=\"1014\" src=\"https:\/\/kaio-experiences.com\/wp-content\/uploads\/2021\/12\/TEST-1024x1014.jpg\" alt=\"\" class=\"wp-image-1782 size-large\" srcset=\"https:\/\/kaio-experiences.com\/wp-content\/uploads\/2021\/12\/TEST-1024x1014.jpg 1024w, https:\/\/kaio-experiences.com\/wp-content\/uploads\/2021\/12\/TEST-300x297.jpg 300w, https:\/\/kaio-experiences.com\/wp-content\/uploads\/2021\/12\/TEST-150x150.jpg 150w, https:\/\/kaio-experiences.com\/wp-content\/uploads\/2021\/12\/TEST-768x760.jpg 768w, https:\/\/kaio-experiences.com\/wp-content\/uploads\/2021\/12\/TEST-1536x1521.jpg 1536w, https:\/\/kaio-experiences.com\/wp-content\/uploads\/2021\/12\/TEST-2048x2027.jpg 2048w\" sizes=\"auto, (max-width: 1024px) 100vw, 1024px\" \/><\/figure><div class=\"wp-block-media-text__content\">\n<ul class=\"has-medium-font-size wp-block-list\"><li>Julien \u00ab\u00a0Kaio\u00a0\u00bb Abbate, n\u00e9 en 1982.<\/li><\/ul>\n\n\n\n<ul class=\"has-medium-font-size wp-block-list\"><li>Aventurier professionnel.<\/li><\/ul>\n\n\n\n<ul class=\"has-medium-font-size wp-block-list\"><li>Formateur ind\u00e9pendant de vie en milieu naturel. <\/li><\/ul>\n\n\n\n<ul class=\"has-medium-font-size wp-block-list\"><li>Chef d&rsquo;exp\u00e9dition.<\/li><\/ul>\n\n\n\n<ul class=\"has-medium-font-size wp-block-list\"><li>Animateur de randonn\u00e9e et d&rsquo;orientation.<\/li><\/ul>\n\n\n\n<ul class=\"has-medium-font-size wp-block-list\"><li>Diplom\u00e9 CQP ARPO, BAFA, PSC1.<\/li><\/ul>\n\n\n\n<ul class=\"has-medium-font-size wp-block-list\"><li>Formation \u00ab\u00a0(Se) Secourir\u00a0\u00bb niveau 2, module LDTA (Loin De Toute Aide) WFA (Wilderness First Aid) avec le CELOPS.<\/li><\/ul>\n\n\n\n<ul class=\"has-medium-font-size wp-block-list\"><li>Cr\u00e9ateur de s\u00e9jours immersifs en France, Laponie Finlandaise et Canada.<\/li><\/ul>\n\n\n\n<ul class=\"has-medium-font-size wp-block-list\"><li>Pigiste pour les magazines \u00ab\u00a0Survival Magazine\u00a0\u00bb et \u00ab\u00a0Bushcraft Magazine\u00a0\u00bb. <\/li><\/ul>\n\n\n\n<ul class=\"has-medium-font-size wp-block-list\"><li>Responsable Bushcraft, moniteur de survie et micro-aventure chez \u00ab\u00a0Time on Target\u00a0\u00bb Exp\u00e9dition et Survie.<\/li><\/ul>\n\n\n\n<p class=\"has-normal-font-size\"> <\/p>\n<\/div><\/div>\n\n\n\n<div style=\"height:100px\" aria-hidden=\"true\" class=\"wp-block-spacer\"><\/div>\n\n\n\n<h2 class=\"wp-block-heading\">Exp\u00e9rience<\/h2>\n\n\n\n<ul class=\"has-medium-font-size wp-block-list\"><li>2023 &#8211; Exp\u00e9dition de 3 semaines en cano\u00eb sur la Yukon River dans le territoire du Yukon au Canada. Autonomie compl\u00e8te sur 752km de distance.<\/li><\/ul>\n\n\n\n<ul class=\"has-medium-font-size wp-block-list\"><li>2022 &#8211; Exp\u00e9dition de 12 jours en packraft et en compl\u00e8te autonomie en Laponie Finlandaise.<\/li><\/ul>\n\n\n\n<ul class=\"has-medium-font-size wp-block-list\"><li>2021 &#8211; Exp\u00e9dition de 3 semaines en packraft et en compl\u00e8te autonomie en Laponie Finlandaise sur le lac Inari (300km au dessus du cercle polaire)<\/li><\/ul>\n\n\n\n<ul class=\"has-medium-font-size wp-block-list\"><li>Itin\u00e9rance en cano\u00eb et en autonomie sur diverses rivi\u00e8res en France<\/li><\/ul>\n\n\n\n<ul class=\"has-medium-font-size wp-block-list\"><li>Treks dans l&rsquo;Atlas Marocain<\/li><\/ul>\n\n\n\n<ul class=\"has-medium-font-size wp-block-list\"><li>Canyoning, Via ferrata, escalade, rafting, packrafting<\/li><\/ul>\n\n\n\n<ul class=\"has-medium-font-size wp-block-list\"><li>De nombreuses ann\u00e9es de Bushcraft <\/li><\/ul>\n\n\n\n<ul class=\"has-medium-font-size wp-block-list\"><li>Autonomie compl\u00e8te d&rsquo;un mois en solo dans le cirque de Mafate (R\u00e9union)<\/li><\/ul>\n\n\n\n<ul class=\"has-medium-font-size wp-block-list\"><li>Ancien scout d&rsquo;Europe<\/li><\/ul>\n\n\n\n<p><\/p>\n","protected":false},"excerpt":{"rendered":"<p>Julien \u00ab\u00a0Kaio\u00a0\u00bb Abbate, n\u00e9 en 1982. Aventurier professionnel. Formateur ind\u00e9pendant de vie en milieu naturel. Chef d&rsquo;exp\u00e9dition. Animateur de randonn\u00e9e et d&rsquo;orientation. Diplom\u00e9 CQP ARPO, BAFA, PSC1. Formation \u00ab\u00a0(Se) Secourir\u00a0\u00bb niveau 2, module LDTA (Loin De Toute Aide) WFA (Wilderness First Aid) avec le CELOPS. Cr\u00e9ateur de s\u00e9jours immersifs en France, Laponie Finlandaise et Canada. [&hellip;]<\/p>\n","protected":false},"author":1,"featured_media":0,"parent":0,"menu_order":0,"comment_status":"closed","ping_status":"closed","template":"","meta":{"_acf_changed":false,"footnotes":""},"class_list":["post-1943","page","type-page","status-publish","hentry"],"acf":[],"yoast_head":"<!-- This site is optimized with the Yoast SEO plugin v26.5 - https:\/\/yoast.com\/wordpress\/plugins\/seo\/ -->\n<title>Qui suis-je ? - Kaio Experiences<\/title>\n<meta name=\"robots\" content=\"index, follow, max-snippet:-1, max-image-preview:large, max-video-preview:-1\" \/>\n<link rel=\"canonical\" href=\"https:\/\/kaio-experiences.com\/index.php\/a-propos\/\" \/>\n<meta property=\"og:locale\" content=\"fr_FR\" \/>\n<meta property=\"og:type\" content=\"article\" \/>\n<meta property=\"og:title\" content=\"Qui suis-je ? - Kaio Experiences\" \/>\n<meta property=\"og:description\" content=\"Julien \u00ab\u00a0Kaio\u00a0\u00bb Abbate, n\u00e9 en 1982. Aventurier professionnel. Formateur ind\u00e9pendant de vie en milieu naturel. Chef d&rsquo;exp\u00e9dition. Animateur de randonn\u00e9e et d&rsquo;orientation. Diplom\u00e9 CQP ARPO, BAFA, PSC1. Formation \u00ab\u00a0(Se) Secourir\u00a0\u00bb niveau 2, module LDTA (Loin De Toute Aide) WFA (Wilderness First Aid) avec le CELOPS. Cr\u00e9ateur de s\u00e9jours immersifs en France, Laponie Finlandaise et Canada. [&hellip;]\" \/>\n<meta property=\"og:url\" content=\"https:\/\/kaio-experiences.com\/index.php\/a-propos\/\" \/>\n<meta property=\"og:site_name\" content=\"Kaio Experiences\" \/>\n<meta property=\"article:modified_time\" content=\"2023-09-26T09:31:47+00:00\" \/>\n<meta property=\"og:image\" content=\"http:\/\/kaio-experiences.com\/wp-content\/uploads\/2021\/12\/TEST-1024x1014.jpg\" \/>\n<meta name=\"twitter:card\" content=\"summary_large_image\" \/>\n<meta name=\"twitter:label1\" content=\"Dur\u00e9e de lecture estim\u00e9e\" \/>\n\t<meta name=\"twitter:data1\" content=\"2 minutes\" \/>\n<script type=\"application\/ld+json\" class=\"yoast-schema-graph\">{\"@context\":\"https:\/\/schema.org\",\"@graph\":[{\"@type\":\"WebPage\",\"@id\":\"https:\/\/kaio-experiences.com\/index.php\/a-propos\/\",\"url\":\"https:\/\/kaio-experiences.com\/index.php\/a-propos\/\",\"name\":\"Qui suis-je ? - Kaio Experiences\",\"isPartOf\":{\"@id\":\"https:\/\/kaio-experiences.com\/#website\"},\"primaryImageOfPage\":{\"@id\":\"https:\/\/kaio-experiences.com\/index.php\/a-propos\/#primaryimage\"},\"image\":{\"@id\":\"https:\/\/kaio-experiences.com\/index.php\/a-propos\/#primaryimage\"},\"thumbnailUrl\":\"http:\/\/kaio-experiences.com\/wp-content\/uploads\/2021\/12\/TEST-1024x1014.jpg\",\"datePublished\":\"2022-01-25T10:24:48+00:00\",\"dateModified\":\"2023-09-26T09:31:47+00:00\",\"breadcrumb\":{\"@id\":\"https:\/\/kaio-experiences.com\/index.php\/a-propos\/#breadcrumb\"},\"inLanguage\":\"fr-FR\",\"potentialAction\":[{\"@type\":\"ReadAction\",\"target\":[\"https:\/\/kaio-experiences.com\/index.php\/a-propos\/\"]}]},{\"@type\":\"ImageObject\",\"inLanguage\":\"fr-FR\",\"@id\":\"https:\/\/kaio-experiences.com\/index.php\/a-propos\/#primaryimage\",\"url\":\"http:\/\/kaio-experiences.com\/wp-content\/uploads\/2021\/12\/TEST-1024x1014.jpg\",\"contentUrl\":\"http:\/\/kaio-experiences.com\/wp-content\/uploads\/2021\/12\/TEST-1024x1014.jpg\"},{\"@type\":\"BreadcrumbList\",\"@id\":\"https:\/\/kaio-experiences.com\/index.php\/a-propos\/#breadcrumb\",\"itemListElement\":[{\"@type\":\"ListItem\",\"position\":1,\"name\":\"Accueil\",\"item\":\"https:\/\/kaio-experiences.com\/\"},{\"@type\":\"ListItem\",\"position\":2,\"name\":\"Qui suis-je ?\"}]},{\"@type\":\"WebSite\",\"@id\":\"https:\/\/kaio-experiences.com\/#website\",\"url\":\"https:\/\/kaio-experiences.com\/\",\"name\":\"Kaio Experiences\",\"description\":\"Sp\u00e9cialiste Bushcraft, Stages de survie, reconnexion nature, micro-aventure, exp\u00e9dition.\",\"potentialAction\":[{\"@type\":\"SearchAction\",\"target\":{\"@type\":\"EntryPoint\",\"urlTemplate\":\"https:\/\/kaio-experiences.com\/?s={search_term_string}\"},\"query-input\":{\"@type\":\"PropertyValueSpecification\",\"valueRequired\":true,\"valueName\":\"search_term_string\"}}],\"inLanguage\":\"fr-FR\"}]}<\/script>\n<!-- \/ Yoast SEO plugin. -->","yoast_head_json":{"title":"Qui suis-je ? - Kaio Experiences","robots":{"index":"index","follow":"follow","max-snippet":"max-snippet:-1","max-image-preview":"max-image-preview:large","max-video-preview":"max-video-preview:-1"},"canonical":"https:\/\/kaio-experiences.com\/index.php\/a-propos\/","og_locale":"fr_FR","og_type":"article","og_title":"Qui suis-je ? - Kaio Experiences","og_description":"Julien \u00ab\u00a0Kaio\u00a0\u00bb Abbate, n\u00e9 en 1982. Aventurier professionnel. Formateur ind\u00e9pendant de vie en milieu naturel. Chef d&rsquo;exp\u00e9dition. Animateur de randonn\u00e9e et d&rsquo;orientation. Diplom\u00e9 CQP ARPO, BAFA, PSC1. Formation \u00ab\u00a0(Se) Secourir\u00a0\u00bb niveau 2, module LDTA (Loin De Toute Aide) WFA (Wilderness First Aid) avec le CELOPS. Cr\u00e9ateur de s\u00e9jours immersifs en France, Laponie Finlandaise et Canada. [&hellip;]","og_url":"https:\/\/kaio-experiences.com\/index.php\/a-propos\/","og_site_name":"Kaio Experiences","article_modified_time":"2023-09-26T09:31:47+00:00","og_image":[{"url":"http:\/\/kaio-experiences.com\/wp-content\/uploads\/2021\/12\/TEST-1024x1014.jpg","type":"","width":"","height":""}],"twitter_card":"summary_large_image","twitter_misc":{"Dur\u00e9e de lecture estim\u00e9e":"2 minutes"},"schema":{"@context":"https:\/\/schema.org","@graph":[{"@type":"WebPage","@id":"https:\/\/kaio-experiences.com\/index.php\/a-propos\/","url":"https:\/\/kaio-experiences.com\/index.php\/a-propos\/","name":"Qui suis-je ? - Kaio Experiences","isPartOf":{"@id":"https:\/\/kaio-experiences.com\/#website"},"primaryImageOfPage":{"@id":"https:\/\/kaio-experiences.com\/index.php\/a-propos\/#primaryimage"},"image":{"@id":"https:\/\/kaio-experiences.com\/index.php\/a-propos\/#primaryimage"},"thumbnailUrl":"http:\/\/kaio-experiences.com\/wp-content\/uploads\/2021\/12\/TEST-1024x1014.jpg","datePublished":"2022-01-25T10:24:48+00:00","dateModified":"2023-09-26T09:31:47+00:00","breadcrumb":{"@id":"https:\/\/kaio-experiences.com\/index.php\/a-propos\/#breadcrumb"},"inLanguage":"fr-FR","potentialAction":[{"@type":"ReadAction","target":["https:\/\/kaio-experiences.com\/index.php\/a-propos\/"]}]},{"@type":"ImageObject","inLanguage":"fr-FR","@id":"https:\/\/kaio-experiences.com\/index.php\/a-propos\/#primaryimage","url":"http:\/\/kaio-experiences.com\/wp-content\/uploads\/2021\/12\/TEST-1024x1014.jpg","contentUrl":"http:\/\/kaio-experiences.com\/wp-content\/uploads\/2021\/12\/TEST-1024x1014.jpg"},{"@type":"BreadcrumbList","@id":"https:\/\/kaio-experiences.com\/index.php\/a-propos\/#breadcrumb","itemListElement":[{"@type":"ListItem","position":1,"name":"Accueil","item":"https:\/\/kaio-experiences.com\/"},{"@type":"ListItem","position":2,"name":"Qui suis-je ?"}]},{"@type":"WebSite","@id":"https:\/\/kaio-experiences.com\/#website","url":"https:\/\/kaio-experiences.com\/","name":"Kaio Experiences","description":"Sp\u00e9cialiste Bushcraft, Stages de survie, reconnexion nature, micro-aventure, exp\u00e9dition.","potentialAction":[{"@type":"SearchAction","target":{"@type":"EntryPoint","urlTemplate":"https:\/\/kaio-experiences.com\/?s={search_term_string}"},"query-input":{"@type":"PropertyValueSpecification","valueRequired":true,"valueName":"search_term_string"}}],"inLanguage":"fr-FR"}]}},"_links":{"self":[{"href":"https:\/\/kaio-experiences.com\/index.php\/wp-json\/wp\/v2\/pages\/1943","targetHints":{"allow":["GET"]}}],"collection":[{"href":"https:\/\/kaio-experiences.com\/index.php\/wp-json\/wp\/v2\/pages"}],"about":[{"href":"https:\/\/kaio-experiences.com\/index.php\/wp-json\/wp\/v2\/types\/page"}],"author":[{"embeddable":true,"href":"https:\/\/kaio-experiences.com\/index.php\/wp-json\/wp\/v2\/users\/1"}],"replies":[{"embeddable":true,"href":"https:\/\/kaio-experiences.com\/index.php\/wp-json\/wp\/v2\/comments?post=1943"}],"version-history":[{"count":31,"href":"https:\/\/kaio-experiences.com\/index.php\/wp-json\/wp\/v2\/pages\/1943\/revisions"}],"predecessor-version":[{"id":2495,"href":"https:\/\/kaio-experiences.com\/index.php\/wp-json\/wp\/v2\/pages\/1943\/revisions\/2495"}],"wp:attachment":[{"href":"https:\/\/kaio-experiences.com\/index.php\/wp-json\/wp\/v2\/media?parent=1943"}],"curies":[{"name":"wp","href":"https:\/\/api.w.org\/{rel}","templated":true}]}}