{"id":1289,"date":"2019-12-06T15:39:53","date_gmt":"2019-12-06T14:39:53","guid":{"rendered":"http:\/\/kaiobushcraft.fr\/?page_id=1289"},"modified":"2025-10-23T13:00:03","modified_gmt":"2025-10-23T11:00:03","slug":"reportages-video","status":"publish","type":"page","link":"https:\/\/kaio-experiences.com\/index.php\/reportages-video\/","title":{"rendered":"REPORTAGES VID\u00c9OS"},"content":{"rendered":"\n<div class=\"wp-block-columns has-2-columns is-layout-flex wp-container-core-columns-is-layout-9d6595d7 wp-block-columns-is-layout-flex\">\n<div class=\"wp-block-column is-layout-flow wp-block-column-is-layout-flow\">\n<div style=\"height:100px\" aria-hidden=\"true\" class=\"wp-block-spacer\"><\/div>\n<\/div>\n<\/div>\n\n\n\n<figure class=\"wp-block-embed is-type-video is-provider-youtube wp-block-embed-youtube aligncenter wp-embed-aspect-16-9 wp-has-aspect-ratio\"><div class=\"wp-block-embed__wrapper\">\n<iframe loading=\"lazy\" title=\"Copain des bois - Kaio Bushcraft\" width=\"1000\" height=\"563\" src=\"https:\/\/www.youtube.com\/embed\/xho5IdFMAyk?feature=oembed\" frameborder=\"0\" allow=\"accelerometer; autoplay; clipboard-write; encrypted-media; gyroscope; picture-in-picture; web-share\" allowfullscreen><\/iframe>\n<\/div><figcaption class=\"wp-element-caption\">2021 &#8211; STAGE \u00ab\u00a0COPAIN DES BOIS\u00a0\u00bb AVEC DES JEUNES SAPEURS POMPIERS<\/figcaption><\/figure>\n\n\n\n<figure class=\"wp-block-embed is-type-video is-provider-youtube wp-block-embed-youtube wp-embed-aspect-16-9 wp-has-aspect-ratio\"><div class=\"wp-block-embed__wrapper\">\n<iframe loading=\"lazy\" title=\"En route pour l&#039;aventure - Kaio Bushcraft\" width=\"1000\" height=\"563\" src=\"https:\/\/www.youtube.com\/embed\/Kh0o3c2mwdc?feature=oembed\" frameborder=\"0\" allow=\"accelerometer; autoplay; clipboard-write; encrypted-media; gyroscope; picture-in-picture; web-share\" allowfullscreen><\/iframe>\n<\/div><figcaption class=\"wp-element-caption\">2021 &#8211; VID\u00c9O AVENTURE R\u00c9ALIS\u00c9 PAR GOVINDA ROUSSON<\/figcaption><\/figure>\n\n\n\n<figure class=\"wp-block-embed is-type-video is-provider-youtube wp-block-embed-youtube wp-embed-aspect-16-9 wp-has-aspect-ratio\"><div class=\"wp-block-embed__wrapper\">\n<iframe loading=\"lazy\" title=\"Bivouac Bushcraft solo, Tipi et raquettes \u00e0 neige - Kaio Bushcraft\" width=\"1000\" height=\"563\" src=\"https:\/\/www.youtube.com\/embed\/2M2Rw7v6-7I?feature=oembed\" frameborder=\"0\" allow=\"accelerometer; autoplay; clipboard-write; encrypted-media; gyroscope; picture-in-picture; web-share\" allowfullscreen><\/iframe>\n<\/div><figcaption class=\"wp-element-caption\">2021 &#8211; BIVOUAC\/BUSHCRAFT SOLO SUR LE PLATEAU DE RETORD<\/figcaption><\/figure>\n","protected":false},"excerpt":{"rendered":"https:\/\/youtu.be\/xho5IdFMAyk 2021 - STAGE \"COPAIN DES BOIS\" AVEC DES JEUNES SAPEURS POMPIERS https:\/\/youtu.be\/Kh0o3c2mwdc 2021 - VID\u00c9O AVENTURE R\u00c9ALIS\u00c9 PAR GOVINDA ROUSSON https:\/\/youtu.be\/2M2Rw7v6-7I 2021 - BIVOUAC\/BUSHCRAFT SOLO SUR LE PLATEAU DE RETORD","protected":false},"author":1,"featured_media":0,"parent":0,"menu_order":0,"comment_status":"closed","ping_status":"closed","template":"","meta":{"_acf_changed":false,"footnotes":""},"class_list":["post-1289","page","type-page","status-publish","hentry"],"acf":[],"yoast_head":"<!-- This site is optimized with the Yoast SEO plugin v26.5 - https:\/\/yoast.com\/wordpress\/plugins\/seo\/ -->\n<title>REPORTAGES VID\u00c9OS - Kaio Experiences<\/title>\n<meta name=\"description\" content=\"Voici quelques vid\u00e9os de mes aventures en France et en Laponie Finlandaise. Certaines sont tourn\u00e9es lors de stage, d&#039;autres pendant des exp\u00e9s. Kaio Experiences - REPORTAGES VID\u00c9OS\" \/>\n<meta name=\"robots\" content=\"index, follow, max-snippet:-1, max-image-preview:large, max-video-preview:-1\" \/>\n<link rel=\"canonical\" href=\"https:\/\/kaio-experiences.com\/index.php\/reportages-video\/\" \/>\n<meta property=\"og:locale\" content=\"fr_FR\" \/>\n<meta property=\"og:type\" content=\"article\" \/>\n<meta property=\"og:title\" content=\"REPORTAGES VID\u00c9OS - Kaio Experiences\" \/>\n<meta property=\"og:description\" content=\"Voici quelques vid\u00e9os de mes aventures en France et en Laponie Finlandaise. Certaines sont tourn\u00e9es lors de stage, d&#039;autres pendant des exp\u00e9s. Kaio Experiences - REPORTAGES VID\u00c9OS\" \/>\n<meta property=\"og:url\" content=\"https:\/\/kaio-experiences.com\/index.php\/reportages-video\/\" \/>\n<meta property=\"og:site_name\" content=\"Kaio Experiences\" \/>\n<meta property=\"article:modified_time\" content=\"2025-10-23T11:00:03+00:00\" \/>\n<meta name=\"twitter:card\" content=\"summary_large_image\" \/>\n<meta name=\"twitter:label1\" content=\"Dur\u00e9e de lecture estim\u00e9e\" \/>\n\t<meta name=\"twitter:data1\" content=\"1 minute\" \/>\n<script type=\"application\/ld+json\" class=\"yoast-schema-graph\">{\"@context\":\"https:\/\/schema.org\",\"@graph\":[{\"@type\":\"WebPage\",\"@id\":\"https:\/\/kaio-experiences.com\/index.php\/reportages-video\/\",\"url\":\"https:\/\/kaio-experiences.com\/index.php\/reportages-video\/\",\"name\":\"REPORTAGES VID\u00c9OS - Kaio Experiences\",\"isPartOf\":{\"@id\":\"https:\/\/kaio-experiences.com\/#website\"},\"datePublished\":\"2019-12-06T14:39:53+00:00\",\"dateModified\":\"2025-10-23T11:00:03+00:00\",\"description\":\"Voici quelques vid\u00e9os de mes aventures en France et en Laponie Finlandaise. Certaines sont tourn\u00e9es lors de stage, d'autres pendant des exp\u00e9s. Kaio Experiences - REPORTAGES VID\u00c9OS\",\"breadcrumb\":{\"@id\":\"https:\/\/kaio-experiences.com\/index.php\/reportages-video\/#breadcrumb\"},\"inLanguage\":\"fr-FR\",\"potentialAction\":[{\"@type\":\"ReadAction\",\"target\":[\"https:\/\/kaio-experiences.com\/index.php\/reportages-video\/\"]}]},{\"@type\":\"BreadcrumbList\",\"@id\":\"https:\/\/kaio-experiences.com\/index.php\/reportages-video\/#breadcrumb\",\"itemListElement\":[{\"@type\":\"ListItem\",\"position\":1,\"name\":\"Accueil\",\"item\":\"https:\/\/kaio-experiences.com\/\"},{\"@type\":\"ListItem\",\"position\":2,\"name\":\"REPORTAGES VID\u00c9OS\"}]},{\"@type\":\"WebSite\",\"@id\":\"https:\/\/kaio-experiences.com\/#website\",\"url\":\"https:\/\/kaio-experiences.com\/\",\"name\":\"Kaio Experiences\",\"description\":\"Sp\u00e9cialiste Bushcraft, Stages de survie, reconnexion nature, micro-aventure, exp\u00e9dition.\",\"potentialAction\":[{\"@type\":\"SearchAction\",\"target\":{\"@type\":\"EntryPoint\",\"urlTemplate\":\"https:\/\/kaio-experiences.com\/?s={search_term_string}\"},\"query-input\":{\"@type\":\"PropertyValueSpecification\",\"valueRequired\":true,\"valueName\":\"search_term_string\"}}],\"inLanguage\":\"fr-FR\"}]}<\/script>\n<!-- \/ Yoast SEO plugin. -->","yoast_head_json":{"title":"REPORTAGES VID\u00c9OS - Kaio Experiences","description":"Voici quelques vid\u00e9os de mes aventures en France et en Laponie Finlandaise. Certaines sont tourn\u00e9es lors de stage, d'autres pendant des exp\u00e9s. Kaio Experiences - REPORTAGES VID\u00c9OS","robots":{"index":"index","follow":"follow","max-snippet":"max-snippet:-1","max-image-preview":"max-image-preview:large","max-video-preview":"max-video-preview:-1"},"canonical":"https:\/\/kaio-experiences.com\/index.php\/reportages-video\/","og_locale":"fr_FR","og_type":"article","og_title":"REPORTAGES VID\u00c9OS - Kaio Experiences","og_description":"Voici quelques vid\u00e9os de mes aventures en France et en Laponie Finlandaise. Certaines sont tourn\u00e9es lors de stage, d'autres pendant des exp\u00e9s. Kaio Experiences - REPORTAGES VID\u00c9OS","og_url":"https:\/\/kaio-experiences.com\/index.php\/reportages-video\/","og_site_name":"Kaio Experiences","article_modified_time":"2025-10-23T11:00:03+00:00","twitter_card":"summary_large_image","twitter_misc":{"Dur\u00e9e de lecture estim\u00e9e":"1 minute"},"schema":{"@context":"https:\/\/schema.org","@graph":[{"@type":"WebPage","@id":"https:\/\/kaio-experiences.com\/index.php\/reportages-video\/","url":"https:\/\/kaio-experiences.com\/index.php\/reportages-video\/","name":"REPORTAGES VID\u00c9OS - Kaio Experiences","isPartOf":{"@id":"https:\/\/kaio-experiences.com\/#website"},"datePublished":"2019-12-06T14:39:53+00:00","dateModified":"2025-10-23T11:00:03+00:00","description":"Voici quelques vid\u00e9os de mes aventures en France et en Laponie Finlandaise. Certaines sont tourn\u00e9es lors de stage, d'autres pendant des exp\u00e9s. Kaio Experiences - REPORTAGES VID\u00c9OS","breadcrumb":{"@id":"https:\/\/kaio-experiences.com\/index.php\/reportages-video\/#breadcrumb"},"inLanguage":"fr-FR","potentialAction":[{"@type":"ReadAction","target":["https:\/\/kaio-experiences.com\/index.php\/reportages-video\/"]}]},{"@type":"BreadcrumbList","@id":"https:\/\/kaio-experiences.com\/index.php\/reportages-video\/#breadcrumb","itemListElement":[{"@type":"ListItem","position":1,"name":"Accueil","item":"https:\/\/kaio-experiences.com\/"},{"@type":"ListItem","position":2,"name":"REPORTAGES VID\u00c9OS"}]},{"@type":"WebSite","@id":"https:\/\/kaio-experiences.com\/#website","url":"https:\/\/kaio-experiences.com\/","name":"Kaio Experiences","description":"Sp\u00e9cialiste Bushcraft, Stages de survie, reconnexion nature, micro-aventure, exp\u00e9dition.","potentialAction":[{"@type":"SearchAction","target":{"@type":"EntryPoint","urlTemplate":"https:\/\/kaio-experiences.com\/?s={search_term_string}"},"query-input":{"@type":"PropertyValueSpecification","valueRequired":true,"valueName":"search_term_string"}}],"inLanguage":"fr-FR"}]}},"_links":{"self":[{"href":"https:\/\/kaio-experiences.com\/index.php\/wp-json\/wp\/v2\/pages\/1289","targetHints":{"allow":["GET"]}}],"collection":[{"href":"https:\/\/kaio-experiences.com\/index.php\/wp-json\/wp\/v2\/pages"}],"about":[{"href":"https:\/\/kaio-experiences.com\/index.php\/wp-json\/wp\/v2\/types\/page"}],"author":[{"embeddable":true,"href":"https:\/\/kaio-experiences.com\/index.php\/wp-json\/wp\/v2\/users\/1"}],"replies":[{"embeddable":true,"href":"https:\/\/kaio-experiences.com\/index.php\/wp-json\/wp\/v2\/comments?post=1289"}],"version-history":[{"count":3,"href":"https:\/\/kaio-experiences.com\/index.php\/wp-json\/wp\/v2\/pages\/1289\/revisions"}],"predecessor-version":[{"id":3021,"href":"https:\/\/kaio-experiences.com\/index.php\/wp-json\/wp\/v2\/pages\/1289\/revisions\/3021"}],"wp:attachment":[{"href":"https:\/\/kaio-experiences.com\/index.php\/wp-json\/wp\/v2\/media?parent=1289"}],"curies":[{"name":"wp","href":"https:\/\/api.w.org\/{rel}","templated":true}]}}